{"id":75,"date":"2021-10-27T14:04:33","date_gmt":"2021-10-27T14:04:33","guid":{"rendered":"https:\/\/www.valleygreeninn.com\/?page_id=75"},"modified":"2026-02-13T20:51:38","modified_gmt":"2026-02-13T20:51:38","slug":"lunch-banquet-packages","status":"publish","type":"page","link":"https:\/\/valleygreeninn.com\/?page_id=75","title":{"rendered":"LUNCH BANQUET PACKAGES"},"content":{"rendered":"\n<p><strong>Lunch Banquet Packages 57.00 Per Person<\/strong><br>Special Occasion Luncheons<\/p>\n\n\n\n<p>Each three hour package includes a choice of three entrees to be individually plated and served to guests, or done as a buffet.<\/p>\n\n\n\n<p>One first course salad, Two Entr\u00e9e Selections with an additional third vegetarian entr\u00e9e, assorted miniature desserts. <br>Each entr\u00e9e is accompanied by one side, and  coffee, tea and non-alcoholic beverages.<br>Please choose two items with a protein and one vegetarian option.<\/p>\n\n\n\n<p>Chicken Salad Sandwich on Croissant<br>Turkey Club BLT<br>Pan seared Sesame, Ginger Salmon<br>Chicken Caprese Sandwich +2.00<br>Blackened Salmon Sandwich +2.00<br>Honey Dipped Fried Chicken Sliders with slaw and Pickles<br>Taco Bar +3.00 (Pico De Gallo, Sour Cream, Mixed Cheese, Lettuce, Onions, Tortilla) Crab Cake ABLT + 3..00<\/p>\n\n\n\n<p>Create your own Burger Slider Bar +3.00<\/p>\n\n\n\n<p>Vegetarian<br>(choose one)<br>All pastas are severed vegetarian with the option to add a protein<\/p>\n\n\n\n<p>Roasted Vegetable Sandwich Penne A La Vodka Baked<\/p>\n\n\n\n<p>Penne with Red Sauce<\/p>\n\n\n\n<p>Penne Pasta with Alfredo<\/p>\n\n\n\n<p> Penne Primavera<\/p>\n\n\n\n<p>Sides<br>Select one<br>Potato Salad, Pasta Salad, Coleslaw, Tomato and Cucumber Salad, Macaroni Salad<\/p>\n\n\n\n<p>From the Bar: Mimosa or Bloody Mary Bar &#8211; 15.00 per person<br>Unlimited Mimosa  or Bloody Mary for your guests. All garnishes included<\/p>\n\n\n\n<p>Please contact Amber Atkinson for Room Charges. Tax &amp; gratuity are in addition to all listed prices.<br><\/p>\n","protected":false},"excerpt":{"rendered":"<p>Lunch Banquet Packages 57.00 Per PersonSpecial Occasion Luncheons Each three hour package includes a choice of three entrees to be individually plated and served to guests, or done as a buffet. One first course salad, Two Entr\u00e9e Selections with an additional third vegetarian entr\u00e9e, assorted miniature desserts. Each entr\u00e9e is accompanied by one side, and [&hellip;]<\/p>\n","protected":false},"author":3,"featured_media":0,"parent":65,"menu_order":0,"comment_status":"closed","ping_status":"closed","template":"","meta":{"_genesis_hide_title":false,"_genesis_hide_breadcrumbs":false,"_genesis_hide_singular_image":false,"_genesis_hide_footer_widgets":false,"_genesis_custom_body_class":"","_genesis_custom_post_class":"","_genesis_layout":"","footnotes":""},"class_list":{"0":"post-75","1":"page","2":"type-page","3":"status-publish","5":"entry"},"featured_image_src":null,"featured_image_src_square":null,"_links":{"self":[{"href":"https:\/\/valleygreeninn.com\/index.php?rest_route=\/wp\/v2\/pages\/75","targetHints":{"allow":["GET"]}}],"collection":[{"href":"https:\/\/valleygreeninn.com\/index.php?rest_route=\/wp\/v2\/pages"}],"about":[{"href":"https:\/\/valleygreeninn.com\/index.php?rest_route=\/wp\/v2\/types\/page"}],"author":[{"embeddable":true,"href":"https:\/\/valleygreeninn.com\/index.php?rest_route=\/wp\/v2\/users\/3"}],"replies":[{"embeddable":true,"href":"https:\/\/valleygreeninn.com\/index.php?rest_route=%2Fwp%2Fv2%2Fcomments&post=75"}],"version-history":[{"count":0,"href":"https:\/\/valleygreeninn.com\/index.php?rest_route=\/wp\/v2\/pages\/75\/revisions"}],"up":[{"embeddable":true,"href":"https:\/\/valleygreeninn.com\/index.php?rest_route=\/wp\/v2\/pages\/65"}],"wp:attachment":[{"href":"https:\/\/valleygreeninn.com\/index.php?rest_route=%2Fwp%2Fv2%2Fmedia&parent=75"}],"curies":[{"name":"wp","href":"https:\/\/api.w.org\/{rel}","templated":true}]}}