{"id":76,"date":"2021-10-27T14:05:29","date_gmt":"2021-10-27T14:05:29","guid":{"rendered":"https:\/\/www.valleygreeninn.com\/?page_id=76"},"modified":"2026-02-13T20:53:34","modified_gmt":"2026-02-13T20:53:34","slug":"dinner-banquet-packages","status":"publish","type":"page","link":"https:\/\/valleygreeninn.com\/?page_id=76","title":{"rendered":"DINNER BANQUET PACKAGES"},"content":{"rendered":"\n<p><strong>Dinner Banquet Packages<\/strong> &#8211;<strong> 82.00 Per Person<\/strong><br>Evening Banquet Packages<\/p>\n\n\n\n<p>All Three hour packages include:<br>One first course salad, Two Entr\u00e9e Selection with an additional third vegetarian entr\u00e9e, assorted miniature desserts. <br>Each entr\u00e9e is accompanied by fresh seasonal vegetables &amp; Chefs Potatoes.<br>Fresh baked artisan breads, coffee, tea and non-alcoholic beverages.<br>*Saturday evenings in May, June September and October + 15.00 Upcharge per guest.<\/p>\n\n\n\n<p>Land<\/p>\n\n\n\n<p>Chili Rubbed Filet Medallions with Chimichurri +4.00<br>Grilled Ribeye with Mushroom Demi<br>Braised Short Rib with Porcini Mushrooms + 2.00<br>Braised Lamb Barbacoa with Traditional Guatemalan Spices and Herbs + 5.00<br>Chicken Milan with Spinach, Provolone Cheese, Prosciutto, Ricotta, and Roasted Tomato Duck Confit A L\u2019orange with Sweet Potato Puree +5.00<\/p>\n\n\n\n<p>Chicken Francese with Lemon Caper Beurre Blanc<br>Double Cut Pork Chop with Apple Cider Demi and Sweet Potato Puree Chicken Breast saut\u00e9ed with local PA. mushroom Marsala wine sauce<\/p>\n\n\n\n<p>Sea<br>Herb Roasted Salmon with Saffron Beurre Blanc<br>Brandy Crusted Chilean Sea bass with Lime Ginger Butter +5.00<br>Colossal Lump Crab Cakes with Lemon Caper Remulade +4.00<br>Citrus Herb Glazed Salmon with Champagne Mustard<br>Jumbo Sea Scallops with Lobster Butter +4.00<br>Sesame Crusted Tuna Poke with Warm Jasmine Rice, Fresh Vegetables and Avocado<\/p>\n\n\n\n<p>Earth<br><br>Balsamic Roasted Brussel Sprouts with Creamy Polenta<br>Roasted Vegetable Gnocchi with Fresh Mozzarella and Pest<\/p>\n\n\n\n<p>Vegetarian Pot Pie with a Fresh Puff Pastry<br>Vegetable StirFry with Local PA. Mushrooms and Coconut Jasmine Rice<\/p>\n\n\n\n<p>Salad Selections<br>Caesar Salad, House Salad, or Heirloom Salad <\/p>\n\n\n\n<p>We offer full tailored bar services.<\/p>\n\n\n\n<p>Room charges may apply. Tax &amp; gratuity are in addition to all listed prices.<br><\/p>\n","protected":false},"excerpt":{"rendered":"<p>Dinner Banquet Packages &#8211; 82.00 Per PersonEvening Banquet Packages All Three hour packages include:One first course salad, Two Entr\u00e9e Selection with an additional third vegetarian entr\u00e9e, assorted miniature desserts. Each entr\u00e9e is accompanied by fresh seasonal vegetables &amp; Chefs Potatoes.Fresh baked artisan breads, coffee, tea and non-alcoholic beverages.*Saturday evenings in May, June September and October [&hellip;]<\/p>\n","protected":false},"author":3,"featured_media":0,"parent":65,"menu_order":0,"comment_status":"closed","ping_status":"closed","template":"","meta":{"_genesis_hide_title":false,"_genesis_hide_breadcrumbs":false,"_genesis_hide_singular_image":false,"_genesis_hide_footer_widgets":false,"_genesis_custom_body_class":"","_genesis_custom_post_class":"","_genesis_layout":"","footnotes":""},"class_list":{"0":"post-76","1":"page","2":"type-page","3":"status-publish","5":"entry"},"featured_image_src":null,"featured_image_src_square":null,"_links":{"self":[{"href":"https:\/\/valleygreeninn.com\/index.php?rest_route=\/wp\/v2\/pages\/76","targetHints":{"allow":["GET"]}}],"collection":[{"href":"https:\/\/valleygreeninn.com\/index.php?rest_route=\/wp\/v2\/pages"}],"about":[{"href":"https:\/\/valleygreeninn.com\/index.php?rest_route=\/wp\/v2\/types\/page"}],"author":[{"embeddable":true,"href":"https:\/\/valleygreeninn.com\/index.php?rest_route=\/wp\/v2\/users\/3"}],"replies":[{"embeddable":true,"href":"https:\/\/valleygreeninn.com\/index.php?rest_route=%2Fwp%2Fv2%2Fcomments&post=76"}],"version-history":[{"count":0,"href":"https:\/\/valleygreeninn.com\/index.php?rest_route=\/wp\/v2\/pages\/76\/revisions"}],"up":[{"embeddable":true,"href":"https:\/\/valleygreeninn.com\/index.php?rest_route=\/wp\/v2\/pages\/65"}],"wp:attachment":[{"href":"https:\/\/valleygreeninn.com\/index.php?rest_route=%2Fwp%2Fv2%2Fmedia&parent=76"}],"curies":[{"name":"wp","href":"https:\/\/api.w.org\/{rel}","templated":true}]}}